{"id":385,"date":"2025-04-16T18:04:56","date_gmt":"2025-04-16T16:04:56","guid":{"rendered":"https:\/\/www.giqor2026.com\/accommodation\/"},"modified":"2026-04-13T16:12:16","modified_gmt":"2026-04-13T14:12:16","slug":"accommodation","status":"publish","type":"page","link":"https:\/\/www.giqor2026.com\/en\/accommodation\/","title":{"rendered":"Accommodation"},"content":{"rendered":"\n<div class=\"wp-block-group has-global-padding is-layout-constrained wp-block-group-is-layout-constrained\">\n<div class=\"wp-block-media-text alignwide is-stacked-on-mobile\"><figure class=\"wp-block-media-text__media\"><a href=\"https:\/\/www.giqor2026.com\/wp-content\/uploads\/2026\/04\/Parador-de-Gijon.webp\"><img loading=\"lazy\" decoding=\"async\" width=\"680\" height=\"453\" src=\"https:\/\/www.giqor2026.com\/wp-content\/uploads\/2026\/04\/Parador-de-Gijon.webp\" alt=\"XXX Biennial Meeting on Organic Chemistry Gij\u00f3n\" class=\"wp-image-1011 size-full\" title=\"XXX Biennial Meeting on Organic Chemistry Gij\u00f3n\" srcset=\"https:\/\/www.giqor2026.com\/wp-content\/uploads\/2026\/04\/Parador-de-Gijon.webp 680w, https:\/\/www.giqor2026.com\/wp-content\/uploads\/2026\/04\/Parador-de-Gijon-600x400.webp 600w\" sizes=\"auto, (max-width: 680px) 100vw, 680px\" \/><\/a><\/figure><div class=\"wp-block-media-text__content\">\n<p class=\"has-large-font-size\"><strong>Parador de Gij\u00f3n<\/strong><\/p>\n\n\n\n<p>Av. de Torcuato Fern\u00e1ndez Miranda, 15, Gij\u00f3n-Este, 33203 Gij\u00f3n, Asturias<\/p>\n\n\n\n<p class=\"has-text-align-center has-base-color has-primary-background-color has-text-color has-background has-link-color has-large-font-size wp-elements-186c836e0a3dd3540cd3c6e3ba0873e8\"><a href=\"https:\/\/paradores.es\/en\/parador-de-gijon\" target=\"_blank\" rel=\"noreferrer noopener\">Parador web access<\/a><\/p>\n\n\n\n<p class=\"has-text-align-center\"><a href=\"https:\/\/maps.app.goo.gl\/pUDPPUJ2AmQyQK5bA\" target=\"_blank\" rel=\"noreferrer noopener\">[View on Google Maps]<\/a><\/p>\n<\/div><\/div>\n\n\n\n<hr class=\"wp-block-separator has-alpha-channel-opacity is-style-wide\" style=\"margin-top:var(--wp--preset--spacing--30);margin-bottom:var(--wp--preset--spacing--30)\"\/>\n\n\n\n<div class=\"wp-block-media-text alignwide has-media-on-the-right is-stacked-on-mobile\"><div class=\"wp-block-media-text__content\">\n<p class=\"has-large-font-size\"><strong>Hotel Zentral Rey Pelayo<\/strong><\/p>\n\n\n\n<p>Av. de Torcuato Fern\u00e1ndez Miranda, 26, Gij\u00f3n-Este, 33203 Gij\u00f3n, Asturias<\/p>\n\n\n\n<p class=\"has-text-align-center has-base-color has-primary-background-color has-text-color has-background has-link-color has-large-font-size wp-elements-00e1fcb21c4e4847eaf9d40d0e5bee26\"><a href=\"https:\/\/www.hotelzentralgijon.com\/\" target=\"_blank\" rel=\"noreferrer noopener\">Zentral Rey Pelayo Hotel Web Access<\/a><\/p>\n\n\n\n<p class=\"has-text-align-center\"><a href=\"https:\/\/maps.app.goo.gl\/WmBCTVabLpWWtynS6\" target=\"_blank\" rel=\"noreferrer noopener\">[View on Google Maps]<\/a><\/p>\n<\/div><figure class=\"wp-block-media-text__media\"><a href=\"https:\/\/www.giqor2026.com\/wp-content\/uploads\/2026\/04\/Hotel-Zentral-Rey-Pelayo.jpg\"><img loading=\"lazy\" decoding=\"async\" width=\"1000\" height=\"667\" src=\"https:\/\/www.giqor2026.com\/wp-content\/uploads\/2026\/04\/Hotel-Zentral-Rey-Pelayo.jpg\" alt=\"XXX Biennial Meeting on Organic Chemistry Gij\u00f3n\" class=\"wp-image-1002 size-full\" title=\"XXX Biennial Meeting on Organic Chemistry Gij\u00f3n\" srcset=\"https:\/\/www.giqor2026.com\/wp-content\/uploads\/2026\/04\/Hotel-Zentral-Rey-Pelayo.jpg 1000w, https:\/\/www.giqor2026.com\/wp-content\/uploads\/2026\/04\/Hotel-Zentral-Rey-Pelayo-600x400.jpg 600w, https:\/\/www.giqor2026.com\/wp-content\/uploads\/2026\/04\/Hotel-Zentral-Rey-Pelayo-768x512.jpg 768w\" sizes=\"auto, (max-width: 1000px) 100vw, 1000px\" \/><\/a><\/figure><\/div>\n\n\n\n<hr class=\"wp-block-separator has-alpha-channel-opacity is-style-wide\" style=\"margin-top:var(--wp--preset--spacing--30);margin-bottom:var(--wp--preset--spacing--30)\"\/>\n\n\n\n<div class=\"wp-block-media-text alignwide is-stacked-on-mobile\"><figure class=\"wp-block-media-text__media\"><a href=\"https:\/\/www.giqor2026.com\/wp-content\/uploads\/2026\/04\/NH_Gijon_Facade_Daylight_Front.jpg\"><img loading=\"lazy\" decoding=\"async\" width=\"1600\" height=\"1066\" src=\"https:\/\/www.giqor2026.com\/wp-content\/uploads\/2026\/04\/NH_Gijon_Facade_Daylight_Front.jpg\" alt=\"XXX Biennial Meeting on Organic Chemistry Gij\u00f3n\" class=\"wp-image-1009 size-full\" title=\"XXX Biennial Meeting on Organic Chemistry Gij\u00f3n\" srcset=\"https:\/\/www.giqor2026.com\/wp-content\/uploads\/2026\/04\/NH_Gijon_Facade_Daylight_Front.jpg 1600w, https:\/\/www.giqor2026.com\/wp-content\/uploads\/2026\/04\/NH_Gijon_Facade_Daylight_Front-600x400.jpg 600w, https:\/\/www.giqor2026.com\/wp-content\/uploads\/2026\/04\/NH_Gijon_Facade_Daylight_Front-768x512.jpg 768w, https:\/\/www.giqor2026.com\/wp-content\/uploads\/2026\/04\/NH_Gijon_Facade_Daylight_Front-1536x1023.jpg 1536w\" sizes=\"auto, (max-width: 1600px) 100vw, 1600px\" \/><\/a><\/figure><div class=\"wp-block-media-text__content\">\n<p class=\"has-large-font-size\"><strong>Hotel NH Gij\u00f3n<\/strong><\/p>\n\n\n\n<p>Paseo Dr. Fleming, 71, Periurbano &#8211; Rural, 33203 Gij\u00f3n, Asturias<\/p>\n\n\n\n<p class=\"has-text-align-center has-base-color has-primary-background-color has-text-color has-background has-link-color has-large-font-size wp-elements-acef9b39396a36085103519854ff5802\"><a href=\"https:\/\/www.nh-hotels.com\/es\/hotel\/nh-gijon?_gl=1*1lbwxq*_up*MQ..*_gs*MQ..&amp;gclid=EAIaIQobChMI56mSvIDrkwMVj6b9BR39-Q--EAAYASAAEgIxzPD_BwE&amp;gclsrc=aw.ds&amp;gbraid=0AAAAAD5GqPCpi8xVcY9q9pC9bS4K36HOX\" target=\"_blank\" rel=\"noreferrer noopener\">NH Gij\u00f3n Hotel Web Access<\/a><\/p>\n\n\n\n<p class=\"has-text-align-center\"><a href=\"https:\/\/maps.app.goo.gl\/qCSr7yNqfdeChBUB7\" target=\"_blank\" rel=\"noreferrer noopener\">[View on Google Maps]<\/a><\/p>\n<\/div><\/div>\n\n\n\n<hr class=\"wp-block-separator has-alpha-channel-opacity is-style-wide\" style=\"margin-top:var(--wp--preset--spacing--30);margin-bottom:var(--wp--preset--spacing--30)\"\/>\n\n\n\n<div class=\"wp-block-media-text alignwide has-media-on-the-right is-stacked-on-mobile\"><div class=\"wp-block-media-text__content\">\n<p class=\"has-large-font-size\"><strong>abba Playa Gij\u00f3n Hotel<\/strong><\/p>\n\n\n\n<p>Paseo Dr. Fleming, 37, Periurbano &#8211; Rural, 33203 Gij\u00f3n, Asturias<\/p>\n\n\n\n<p class=\"has-text-align-center has-base-color has-primary-background-color has-text-color has-background has-link-color has-large-font-size wp-elements-bcf4abf44cfbf638aed402b3aa819d3e\"><a href=\"https:\/\/www.abbahoteles.com\/es\/abba-playa-gijon-hotel\/hotel\" target=\"_blank\" rel=\"noreferrer noopener\">Web access Hotel abba Playa Gij\u00f3n<\/a><\/p>\n\n\n\n<p class=\"has-text-align-center\"><a href=\"https:\/\/maps.app.goo.gl\/u7LNLgeUkaDUj7u68\" target=\"_blank\" rel=\"noreferrer noopener\">[View on Google Maps]<\/a><\/p>\n<\/div><figure class=\"wp-block-media-text__media\"><a href=\"https:\/\/www.giqor2026.com\/wp-content\/uploads\/2026\/04\/abbagijon_fachada00002-1200x800-1.jpg\"><img loading=\"lazy\" decoding=\"async\" width=\"1200\" height=\"800\" src=\"https:\/\/www.giqor2026.com\/wp-content\/uploads\/2026\/04\/abbagijon_fachada00002-1200x800-1.jpg\" alt=\"XXX Biennial Meeting on Organic Chemistry Gij\u00f3n\" class=\"wp-image-1014 size-full\" title=\"XXX Biennial Meeting on Organic Chemistry Gij\u00f3n\" srcset=\"https:\/\/www.giqor2026.com\/wp-content\/uploads\/2026\/04\/abbagijon_fachada00002-1200x800-1.jpg 1200w, https:\/\/www.giqor2026.com\/wp-content\/uploads\/2026\/04\/abbagijon_fachada00002-1200x800-1-600x400.jpg 600w, https:\/\/www.giqor2026.com\/wp-content\/uploads\/2026\/04\/abbagijon_fachada00002-1200x800-1-768x512.jpg 768w\" sizes=\"auto, (max-width: 1200px) 100vw, 1200px\" \/><\/a><\/figure><\/div>\n\n\n\n<hr class=\"wp-block-separator has-alpha-channel-opacity is-style-wide\" style=\"margin-top:var(--wp--preset--spacing--30);margin-bottom:var(--wp--preset--spacing--30)\"\/>\n\n\n\n<div class=\"wp-block-media-text alignwide is-stacked-on-mobile\"><figure class=\"wp-block-media-text__media\"><a href=\"https:\/\/www.giqor2026.com\/wp-content\/uploads\/2026\/04\/Hotel-Principe-de-Asturias.jpg\"><img loading=\"lazy\" decoding=\"async\" width=\"768\" height=\"512\" src=\"https:\/\/www.giqor2026.com\/wp-content\/uploads\/2026\/04\/Hotel-Principe-de-Asturias.jpg\" alt=\"XXX Biennial Meeting on Organic Chemistry Gij\u00f3n\" class=\"wp-image-1017 size-full\" title=\"XXX Biennial Meeting on Organic Chemistry Gij\u00f3n\" srcset=\"https:\/\/www.giqor2026.com\/wp-content\/uploads\/2026\/04\/Hotel-Principe-de-Asturias.jpg 768w, https:\/\/www.giqor2026.com\/wp-content\/uploads\/2026\/04\/Hotel-Principe-de-Asturias-600x400.jpg 600w\" sizes=\"auto, (max-width: 768px) 100vw, 768px\" \/><\/a><\/figure><div class=\"wp-block-media-text__content\">\n<p class=\"has-large-font-size\"><strong>Hotel Pr\u00edncipe de Asturias<\/strong><\/p>\n\n\n\n<p>C. Manso, 2, Gij\u00f3n-Este, 33203 Gij\u00f3n, Asturias<\/p>\n\n\n\n<p class=\"has-text-align-center has-base-color has-primary-background-color has-text-color has-background has-link-color has-large-font-size wp-elements-966b9e160742ea55e0a2f79cc723035d\"><a href=\"https:\/\/www.hotelprincipeasturias.com\/en\/\" target=\"_blank\" rel=\"noreferrer noopener\">Hotel Pr\u00edncipe de Asturias web access<\/a><\/p>\n\n\n\n<p class=\"has-text-align-center\"><a href=\"https:\/\/maps.app.goo.gl\/G29JEHmNBPjkccxY8\" target=\"_blank\" rel=\"noreferrer noopener\">[View on Google Maps]<\/a><\/p>\n<\/div><\/div>\n\n\n\n<hr class=\"wp-block-separator has-alpha-channel-opacity is-style-wide\" style=\"margin-top:var(--wp--preset--spacing--30);margin-bottom:var(--wp--preset--spacing--30)\"\/>\n\n\n\n<div class=\"wp-block-media-text alignwide has-media-on-the-right is-stacked-on-mobile\"><div class=\"wp-block-media-text__content\">\n<p class=\"has-large-font-size\"><strong>Hotel Arena<\/strong><\/p>\n\n\n\n<p>Dr. Aquilino Hurl\u00e9 Street, 31, Gij\u00f3n-East, 33202 Gij\u00f3n, Asturias<\/p>\n\n\n\n<p class=\"has-text-align-center has-base-color has-primary-background-color has-text-color has-background has-link-color has-large-font-size wp-elements-cbd0f879b5799f348c535495beabec6b\"><a href=\"http:\/\/www.hotelarenagijon.com\/en\/\" target=\"_blank\" rel=\"noreferrer noopener\">Hotel Arena web access<\/a><\/p>\n\n\n\n<p class=\"has-text-align-center\"><a href=\"https:\/\/maps.app.goo.gl\/YW2K6gMDdamkivpw6\" target=\"_blank\" rel=\"noreferrer noopener\">[View on Google Maps]<\/a><\/p>\n<\/div><figure class=\"wp-block-media-text__media\"><a href=\"https:\/\/www.giqor2026.com\/wp-content\/uploads\/2026\/04\/hotel_arena_gijon-2-1536x1026-1.jpg\"><img loading=\"lazy\" decoding=\"async\" width=\"1536\" height=\"1026\" src=\"https:\/\/www.giqor2026.com\/wp-content\/uploads\/2026\/04\/hotel_arena_gijon-2-1536x1026-1.jpg\" alt=\"XXX Biennial Meeting on Organic Chemistry Gij\u00f3n\" class=\"wp-image-1020 size-full\" title=\"XXX Biennial Meeting on Organic Chemistry Gij\u00f3n\" srcset=\"https:\/\/www.giqor2026.com\/wp-content\/uploads\/2026\/04\/hotel_arena_gijon-2-1536x1026-1.jpg 1536w, https:\/\/www.giqor2026.com\/wp-content\/uploads\/2026\/04\/hotel_arena_gijon-2-1536x1026-1-600x401.jpg 600w, https:\/\/www.giqor2026.com\/wp-content\/uploads\/2026\/04\/hotel_arena_gijon-2-1536x1026-1-768x513.jpg 768w\" sizes=\"auto, (max-width: 1536px) 100vw, 1536px\" \/><\/a><\/figure><\/div>\n\n\n\n<hr class=\"wp-block-separator has-alpha-channel-opacity is-style-wide\" style=\"margin-top:var(--wp--preset--spacing--30);margin-bottom:var(--wp--preset--spacing--30)\"\/>\n\n\n\n<div class=\"wp-block-media-text alignwide is-stacked-on-mobile\"><figure class=\"wp-block-media-text__media\"><a href=\"https:\/\/www.giqor2026.com\/wp-content\/uploads\/2026\/04\/hotelbegonapark-img-09.webp\"><img loading=\"lazy\" decoding=\"async\" width=\"1600\" height=\"900\" src=\"https:\/\/www.giqor2026.com\/wp-content\/uploads\/2026\/04\/hotelbegonapark-img-09-1600x900.webp\" alt=\"XXX Biennial Meeting on Organic Chemistry Gij\u00f3n\" class=\"wp-image-1054 size-full\" title=\"XXX Biennial Meeting on Organic Chemistry Gij\u00f3n\" srcset=\"https:\/\/www.giqor2026.com\/wp-content\/uploads\/2026\/04\/hotelbegonapark-img-09-1600x900.webp 1600w, https:\/\/www.giqor2026.com\/wp-content\/uploads\/2026\/04\/hotelbegonapark-img-09-600x338.webp 600w, https:\/\/www.giqor2026.com\/wp-content\/uploads\/2026\/04\/hotelbegonapark-img-09-768x432.webp 768w, https:\/\/www.giqor2026.com\/wp-content\/uploads\/2026\/04\/hotelbegonapark-img-09-1536x864.webp 1536w, https:\/\/www.giqor2026.com\/wp-content\/uploads\/2026\/04\/hotelbegonapark-img-09.webp 1920w\" sizes=\"auto, (max-width: 1600px) 100vw, 1600px\" \/><\/a><\/figure><div class=\"wp-block-media-text__content\">\n<p class=\"has-large-font-size\"><strong>Hotel Bego\u00f1a Park<\/strong><\/p>\n\n\n\n<p>Carretera de la Providencia, 566, Periurbano &#8211; Rural, 33203 Gij\u00f3n, Asturias<\/p>\n\n\n\n<p class=\"has-text-align-center has-base-color has-primary-background-color has-text-color has-background has-link-color has-large-font-size wp-elements-618e7868b5747a3cfdc65418c5b2c73c\"><a href=\"https:\/\/www.hotelbegonapark.es\/en\/\" target=\"_blank\" rel=\"noreferrer noopener\">Hotel Bego\u00f1a Park web access<\/a><\/p>\n\n\n\n<p class=\"has-text-align-center\"><a href=\"https:\/\/maps.app.goo.gl\/oKx9haPqFpaubiQB9\" target=\"_blank\" rel=\"noreferrer noopener\">[View on Google Maps]<\/a><\/p>\n<\/div><\/div>\n<\/div>\n","protected":false},"excerpt":{"rendered":"<p>Parador de Gij\u00f3n Av. de Torcuato Fern\u00e1ndez Miranda, 15, Gij\u00f3n-Este, 33203 Gij\u00f3n, Asturias Parador web access [View on Google Maps] Hotel Zentral Rey Pelayo Av. de Torcuato Fern\u00e1ndez Miranda, 26, Gij\u00f3n-Este, 33203 Gij\u00f3n, Asturias Zentral Rey Pelayo Hotel Web Access [View on Google Maps] Hotel NH Gij\u00f3n Paseo Dr. Fleming, 71, Periurbano &#8211; Rural, 33203 [&hellip;]<\/p>\n","protected":false},"author":1,"featured_media":718,"parent":0,"menu_order":0,"comment_status":"closed","ping_status":"closed","template":"","meta":{"footnotes":""},"class_list":["post-385","page","type-page","status-publish","has-post-thumbnail","hentry"],"_links":{"self":[{"href":"https:\/\/www.giqor2026.com\/en\/wp-json\/wp\/v2\/pages\/385","targetHints":{"allow":["GET"]}}],"collection":[{"href":"https:\/\/www.giqor2026.com\/en\/wp-json\/wp\/v2\/pages"}],"about":[{"href":"https:\/\/www.giqor2026.com\/en\/wp-json\/wp\/v2\/types\/page"}],"author":[{"embeddable":true,"href":"https:\/\/www.giqor2026.com\/en\/wp-json\/wp\/v2\/users\/1"}],"replies":[{"embeddable":true,"href":"https:\/\/www.giqor2026.com\/en\/wp-json\/wp\/v2\/comments?post=385"}],"version-history":[{"count":17,"href":"https:\/\/www.giqor2026.com\/en\/wp-json\/wp\/v2\/pages\/385\/revisions"}],"predecessor-version":[{"id":1071,"href":"https:\/\/www.giqor2026.com\/en\/wp-json\/wp\/v2\/pages\/385\/revisions\/1071"}],"wp:featuredmedia":[{"embeddable":true,"href":"https:\/\/www.giqor2026.com\/en\/wp-json\/wp\/v2\/media\/718"}],"wp:attachment":[{"href":"https:\/\/www.giqor2026.com\/en\/wp-json\/wp\/v2\/media?parent=385"}],"curies":[{"name":"wp","href":"https:\/\/api.w.org\/{rel}","templated":true}]}}