{"id":391,"date":"2024-11-28T18:38:43","date_gmt":"2024-11-28T17:38:43","guid":{"rendered":"https:\/\/www.giqor2026.com\/start\/"},"modified":"2026-02-04T13:55:14","modified_gmt":"2026-02-04T12:55:14","slug":"start","status":"publish","type":"page","link":"https:\/\/www.giqor2026.com\/en\/","title":{"rendered":"Start"},"content":{"rendered":"\n<div class=\"wp-block-group alignfull has-global-padding is-layout-constrained wp-container-core-group-is-layout-7db9d80f wp-block-group-is-layout-constrained\" id=\"portada__rotacion\" style=\"padding-right:0;padding-left:0\">\n<div data-slider-type=\"carousel\" data-per-view=\"1\" data-focus-at=\"center\" data-gap=\"0\" data-autoplay=\"5000\" data-hoverpause=\"true\" data-animation-duration=\"400\" data-animation-timing-func=\"cubic-bezier(0.165, 0.840, 0.440, 1.000)\" data-peek-before=\"0\" data-peek-after=\"0\" data-breakpoints=\"\" class=\"wp-block-sci-blocks-sci-slider alignfull sci-blocks-slider glide  portada__rotacion\"><div class=\"glide__track\" data-glide-el=\"track\"><div class=\"glide__slides is-layout-flow wp-block-sci-blocks-sci-slider-is-layout-flow\">\n<div class=\"wp-block-cover has-custom-content-position is-position-top-center\" style=\"margin-top:0;margin-bottom:0;padding-top:var(--wp--preset--spacing--40);padding-bottom:var(--wp--preset--spacing--40)\"><img decoding=\"async\" class=\"wp-block-cover__image-background wp-image-650 size-full\" alt=\"XXX Biennial Meeting on Organic Chemistry Gij\u00f3n\" src=\"https:\/\/www.giqor2026.com\/wp-content\/uploads\/2026\/02\/portada-destacado-gijon_puerto-con-fecha-2-1.jpg\" data-object-fit=\"cover\" title=\"XXX Biennial Meeting on Organic Chemistry Gij\u00f3n\"><span aria-hidden=\"true\" class=\"wp-block-cover__background has-background-dim wp-block-cover__gradient-background has-background-gradient\" style=\"background:linear-gradient(135deg,rgba(255,255,255,0) 31%,rgb(2,46,59) 100%)\"><\/span><div class=\"wp-block-cover__inner-container has-global-padding is-layout-constrained wp-block-cover-is-layout-constrained\">\n<div class=\"wp-block-group has-global-padding is-content-justification-left is-layout-constrained wp-container-core-group-is-layout-f3298e88 wp-block-group-is-layout-constrained\">\n<div class=\"wp-block-group has-global-padding is-layout-constrained wp-block-group-is-layout-constrained\">\n<h1 class=\"wp-block-heading has-primary-color has-text-color has-link-color has-x-large-font-size wp-elements-f2916384711245c1b103dbaa82e6169a\" style=\"font-style:normal;font-weight:700\"><span style=\"font-size:1.25em;\"><mark style=\"background-color:rgba(0, 0, 0, 0)\" class=\"has-inline-color has-base-color\">XX<\/mark> i <mark style=\"background-color:rgba(0, 0, 0, 0)\" class=\"has-inline-color has-base-color\">X<\/mark> \u00f3n<\/span><br> Biennial<br> Organic Chemistry<\/h1>\n\n\n\n<p class=\"has-primary-color has-text-color has-link-color wp-elements-037a1c5cbd460cfeab28eae824e1b656\">XXX Biennial Meeting of the Specialized Group on Organic Chemistry<\/p>\n<\/div>\n<\/div>\n<\/div><\/div>\n\n\n\n<div class=\"wp-block-cover has-custom-content-position is-position-top-center\" style=\"margin-top:0;margin-bottom:0;padding-top:var(--wp--preset--spacing--40);padding-bottom:var(--wp--preset--spacing--40)\"><img loading=\"lazy\" decoding=\"async\" width=\"1600\" height=\"767\" class=\"wp-block-cover__image-background wp-image-657 size-large\" alt=\"XXX Biennial Meeting on Organic Chemistry Gij\u00f3n\" src=\"https:\/\/www.giqor2026.com\/wp-content\/uploads\/2026\/02\/foto_gijon-portada-con-fecha_2-1600x767.jpg\" style=\"object-position:59% 90%\" data-object-fit=\"cover\" data-object-position=\"59% 90%\" title=\"XXX Biennial Meeting on Organic Chemistry Gij\u00f3n\" srcset=\"https:\/\/www.giqor2026.com\/wp-content\/uploads\/2026\/02\/foto_gijon-portada-con-fecha_2-1600x767.jpg 1600w, https:\/\/www.giqor2026.com\/wp-content\/uploads\/2026\/02\/foto_gijon-portada-con-fecha_2-600x288.jpg 600w, https:\/\/www.giqor2026.com\/wp-content\/uploads\/2026\/02\/foto_gijon-portada-con-fecha_2-768x368.jpg 768w, https:\/\/www.giqor2026.com\/wp-content\/uploads\/2026\/02\/foto_gijon-portada-con-fecha_2-1536x736.jpg 1536w, https:\/\/www.giqor2026.com\/wp-content\/uploads\/2026\/02\/foto_gijon-portada-con-fecha_2.jpg 1728w\" sizes=\"auto, (max-width: 1600px) 100vw, 1600px\" \/><span aria-hidden=\"true\" class=\"wp-block-cover__background has-background-dim wp-block-cover__gradient-background has-background-gradient\" style=\"background:linear-gradient(135deg,rgba(255,255,255,0) 29%,rgb(2,46,59) 100%)\"><\/span><div class=\"wp-block-cover__inner-container has-global-padding is-layout-constrained wp-block-cover-is-layout-constrained\">\n<div class=\"wp-block-group has-global-padding is-content-justification-left is-layout-constrained wp-container-core-group-is-layout-f3298e88 wp-block-group-is-layout-constrained\">\n<div class=\"wp-block-group has-global-padding is-layout-constrained wp-block-group-is-layout-constrained\">\n<h2 class=\"wp-block-heading has-primary-color has-text-color has-link-color has-x-large-font-size wp-elements-14001657ed01d4cc0fe5cac48bb15f4a\" style=\"font-style:normal;font-weight:700\"><span style=\"font-size:1.25em;\"><mark style=\"background-color:rgba(0, 0, 0, 0)\" class=\"has-inline-color has-base-color\">XX<\/mark> i <mark style=\"background-color:rgba(0, 0, 0, 0)\" class=\"has-inline-color has-base-color\">X<\/mark> \u00f3n<\/span><br> Biennial<br> Organic Chemistry<\/h2>\n\n\n\n<p class=\"has-primary-color has-text-color has-link-color wp-elements-037a1c5cbd460cfeab28eae824e1b656\">XXX Biennial Meeting of the Specialized Group on Organic Chemistry<\/p>\n<\/div>\n<\/div>\n<\/div><\/div>\n<\/div><\/div><div class=\"glide__bullets\" data-glide-el=\"controls[nav]\"><button class=\"glide__bullet\" data-glide-dir=\"=0\"><\/button><button class=\"glide__bullet\" data-glide-dir=\"=1\"><\/button><\/div><\/div>\n\n\n\n<a id=\"boton-scroll\" href=\"#portada__texto\" style=\"width: 48px; height: 48px; display: flex; justify-content: center; align-items: center; border-radius: 200px; color: var(--wp--preset--color--primary); border: 2px solid currentColor; background: rgba(255,255,255,0.5); backdrop-filter: blur(4px); position: absolute; margin: 0; bottom: 4rem; left: 50%; transform: translateX(-50%); cursor: pointer;\">\n<svg xmlns=\"http:\/\/www.w3.org\/2000\/svg\" class=\"mk-svg-icon\" style=\"height:16px; width: 16px; fill: currentColor; color: inherit;\" viewbox=\"0 0 512 512\"><path d=\"M512 121.6c0 8-3.2 16-8 22.4l-225.6 240c-6.4 6.4-14.4 9.6-24 9.6-8 0-16-3.2-22.4-9.6l-224-240c-11.2-12.8-11.2-33.6 1.6-44.8 12.8-12.8 32-11.2 44.8 1.6l201.6 214.4 203.2-216c11.2-12.8 32-12.8 44.8 0 4.8 6.4 8 14.4 8 22.4z\"><\/path><\/svg>\n<\/a>\n<\/div>\n\n\n\n<div class=\"wp-block-group alignfull portada__texto has-primary-background-color has-background has-global-padding is-layout-constrained wp-container-core-group-is-layout-ea8482c2 wp-block-group-is-layout-constrained\" id=\"portada__texto\" style=\"padding-top:var(--wp--preset--spacing--30);padding-right:0;padding-bottom:var(--wp--preset--spacing--30);padding-left:0\">\n<div class=\"wp-block-media-text is-stacked-on-mobile\" style=\"grid-template-columns:21% auto\"><figure class=\"wp-block-media-text__media\"><img loading=\"lazy\" decoding=\"async\" width=\"415\" height=\"189\" src=\"https:\/\/www.giqor2026.com\/wp-content\/uploads\/2025\/02\/logo-1.png\" alt=\"XXX Biennial Meeting on Organic Chemistry Gij\u00f3n\" class=\"wp-image-130 size-full\" title=\"XXX Biennial Meeting on Organic Chemistry Gij\u00f3n\" srcset=\"https:\/\/www.giqor2026.com\/wp-content\/uploads\/2025\/02\/logo-1.png 415w, https:\/\/www.giqor2026.com\/wp-content\/uploads\/2025\/02\/logo-1-300x137.png 300w\" sizes=\"auto, (max-width: 415px) 100vw, 415px\" \/><\/figure><div class=\"wp-block-media-text__content\">\n<p class=\"has-base-color has-text-color has-link-color wp-elements-bfb636da2929e85237926a03086cd86c\">On behalf of the Organizing Committee and the Specialized Group on Organic Chemistry of the Royal Spanish Society of Chemistry (GEQOR-RSEQ), we are delighted to invite you to participate in the XXX Biennial Meeting of GEQOR, which will be held in Gij\u00f3n (Asturias) between June 17 and 19, 2026.<\/p>\n\n\n\n<p class=\"has-base-color has-text-color has-link-color wp-elements-8e29cff0246f04fa4aa2644f41359972\">Our goal is to bring together national and international researchers in the field of Organic Chemistry and related areas to provide an excellent forum for discussion and promote scientific exchange and collaborations. The meeting will feature a comprehensive scientific program including plenary and invited lectures, as well as oral presentations, flash presentations, and poster sessions. <\/p>\n\n\n\n<p class=\"has-base-color has-text-color has-link-color wp-elements-30fee97e988ed0133a4c088121b639a7\">Gij\u00f3n is a beautiful and welcoming city. After the scientific sessions, you will have the opportunity to enjoy this fascinating city and discover Gij\u00f3n&#8217;s culture and gastronomy. <\/p>\n\n\n\n<p class=\"has-base-color has-text-color has-link-color wp-elements-2b39f5dae9535b239b2d30101ed3794e\">We look forward to welcoming you to Gij\u00f3n next June.<\/p>\n\n\n\n<p class=\"has-base-color has-text-color has-link-color wp-elements-4faec7aa3e019a06a878e3622d4d5203\">The Organizing Committee.<\/p>\n<\/div><\/div>\n<\/div>\n\n\n\n\n\n\n\n<section class=\"wp-block-group alignfull portada__personas has-global-padding is-layout-constrained wp-container-core-group-is-layout-d5ec5f06 wp-block-group-is-layout-constrained\" style=\"margin-top:0;margin-bottom:0;padding-top:var(--wp--preset--spacing--60);padding-bottom:var(--wp--preset--spacing--60)\">\n<h2 class=\"wp-block-heading alignwide has-text-align-center\" style=\"padding-right:16px;padding-left:16px;font-style:normal;font-weight:600\">Speakers<\/h2>\n\n\n\n<div data-slider-type=\"carousel\" data-per-view=\"5\" data-focus-at=\"1\" data-gap=\"32\" data-autoplay=\"5000\" data-hoverpause=\"false\" data-animation-duration=\"400\" data-animation-timing-func=\"cubic-bezier(0.165, 0.840, 0.440, 1.000)\" data-peek-before=\"0\" data-peek-after=\"0\" data-breakpoints=\"{&quot;600&quot;:{&quot;perView&quot;:&quot;2&quot;,&quot;gap&quot;:&quot;24&quot;,&quot;peek&quot;:{&quot;before&quot;:&quot;12&quot;,&quot;after&quot;:&quot;12&quot;},&quot;animationDuration&quot;:&quot;400&quot;},&quot;800&quot;:{&quot;perView&quot;:&quot;3&quot;,&quot;gap&quot;:&quot;24&quot;,&quot;peek&quot;:{&quot;before&quot;:&quot;0&quot;,&quot;after&quot;:&quot;0&quot;},&quot;animationDuration&quot;:&quot;400&quot;},&quot;1280&quot;:{&quot;perView&quot;:&quot;4&quot;,&quot;gap&quot;:&quot;24&quot;,&quot;peek&quot;:{&quot;before&quot;:&quot;0&quot;,&quot;after&quot;:&quot;0&quot;},&quot;animationDuration&quot;:&quot;400&quot;}}\" class=\"wp-block-sci-blocks-sci-slider alignwide sci-blocks-slider glide  portada__personas__listado\"><div class=\"glide__track\" data-glide-el=\"track\"><div class=\"glide__slides is-layout-flow wp-block-sci-blocks-sci-slider-is-layout-flow\">\n<div class=\"wp-block-group persona is-vertical is-layout-flex wp-container-core-group-is-layout-fe9cc265 wp-block-group-is-layout-flex\">\n<figure class=\"wp-block-image size-full persona__foto\"><img loading=\"lazy\" decoding=\"async\" width=\"210\" height=\"280\" src=\"https:\/\/www.giqor2026.com\/wp-content\/uploads\/2025\/06\/ErickJacobsen.jpg\" alt=\"Erick Jacobsen - Harvard University\" class=\"wp-image-156\" title=\"XXX Biennial Meeting on Organic Chemistry Gij\u00f3n\"><\/figure>\n\n\n\n<h3 class=\"wp-block-heading persona__nombre\">Eric Jacobsen<\/h3>\n\n\n\n<p class=\"persona__cargo\"><em>Harvard University<\/em><\/p>\n<\/div>\n\n\n\n<div class=\"wp-block-group persona is-vertical is-layout-flex wp-container-core-group-is-layout-fe9cc265 wp-block-group-is-layout-flex\">\n<figure class=\"wp-block-image size-full persona__foto\"><img loading=\"lazy\" decoding=\"async\" width=\"210\" height=\"280\" src=\"https:\/\/www.giqor2026.com\/wp-content\/uploads\/2025\/06\/Paolo-Melchiorre.jpg\" alt=\"XXX Biennial Meeting on Organic Chemistry Gij\u00f3n\" class=\"wp-image-160\" title=\"XXX Biennial Meeting on Organic Chemistry Gij\u00f3n\"><\/figure>\n\n\n\n<h3 class=\"wp-block-heading persona__nombre\">Paolo Melchiorre<\/h3>\n\n\n\n<p class=\"persona__cargo\"><em>University of Bologna<\/em><\/p>\n<\/div>\n\n\n\n<div class=\"wp-block-group persona is-vertical is-layout-flex wp-container-core-group-is-layout-fe9cc265 wp-block-group-is-layout-flex\">\n<figure class=\"wp-block-image size-full persona__foto\"><img loading=\"lazy\" decoding=\"async\" width=\"210\" height=\"280\" src=\"https:\/\/www.giqor2026.com\/wp-content\/uploads\/2025\/06\/Eva-Hevia.jpg\" alt=\"XXX Biennial Meeting on Organic Chemistry Gij\u00f3n\" class=\"wp-image-162\" title=\"XXX Biennial Meeting on Organic Chemistry Gij\u00f3n\"><\/figure>\n\n\n\n<h3 class=\"wp-block-heading persona__nombre\">Eva Hevia<\/h3>\n\n\n\n<p class=\"persona__cargo\"><em>University of Bern<\/em><\/p>\n<\/div>\n\n\n\n<div class=\"wp-block-group persona is-vertical is-layout-flex wp-container-core-group-is-layout-fe9cc265 wp-block-group-is-layout-flex\">\n<figure class=\"wp-block-image size-full persona__foto\"><img loading=\"lazy\" decoding=\"async\" width=\"210\" height=\"280\" src=\"https:\/\/www.giqor2026.com\/wp-content\/uploads\/2025\/06\/Guy-Lloyd-Jones.jpg\" alt=\"XXX Biennial Meeting on Organic Chemistry Gij\u00f3n\" class=\"wp-image-164\" title=\"XXX Biennial Meeting on Organic Chemistry Gij\u00f3n\"><\/figure>\n\n\n\n<h3 class=\"wp-block-heading persona__nombre\">Guy Lloyd-Jones<\/h3>\n\n\n\n<p class=\"persona__cargo\"><em>University of Edinburgh<\/em><\/p>\n<\/div>\n\n\n\n<div class=\"wp-block-group persona is-vertical is-layout-flex wp-container-core-group-is-layout-fe9cc265 wp-block-group-is-layout-flex\">\n<figure class=\"wp-block-image size-full persona__foto\"><img loading=\"lazy\" decoding=\"async\" width=\"210\" height=\"280\" src=\"https:\/\/www.giqor2026.com\/wp-content\/uploads\/2026\/01\/Josep-Cornella.jpg\" alt=\"Dr. Josep Cornell\u00e0 - Max Planck Institut f\u00fcr Kohlenforschung\" class=\"wp-image-538\" title=\"XXX Biennial Meeting on Organic Chemistry Gij\u00f3n\"><\/figure>\n\n\n\n<h3 class=\"wp-block-heading persona__nombre\">Josep Cornell\u00e0<\/h3>\n\n\n\n<p class=\"persona__cargo\">Max-Planck-Institut f\u00fcr Kohlenforschung<\/p>\n<\/div>\n\n\n\n<div class=\"wp-block-group persona is-vertical is-layout-flex wp-container-core-group-is-layout-fe9cc265 wp-block-group-is-layout-flex\">\n<figure class=\"wp-block-image size-full persona__foto\"><img loading=\"lazy\" decoding=\"async\" width=\"210\" height=\"280\" src=\"https:\/\/www.giqor2026.com\/wp-content\/uploads\/2025\/06\/Martin-Fananas.jpg\" alt=\"XXX Biennial Meeting on Organic Chemistry Gij\u00f3n\" class=\"wp-image-173\" title=\"XXX Biennial Meeting on Organic Chemistry Gij\u00f3n\"><\/figure>\n\n\n\n<h3 class=\"wp-block-heading persona__nombre\">Mart\u00edn Fa\u00f1anas-Mastral<\/h3>\n\n\n\n<p class=\"persona__cargo\"><em><em>CIQUS \u2013 Santiago<\/em><\/em><\/p>\n<\/div>\n\n\n\n<div class=\"wp-block-group persona is-vertical is-layout-flex wp-container-core-group-is-layout-fe9cc265 wp-block-group-is-layout-flex\">\n<figure class=\"wp-block-image size-full persona__foto\"><img loading=\"lazy\" decoding=\"async\" width=\"210\" height=\"280\" src=\"https:\/\/www.giqor2026.com\/wp-content\/uploads\/2025\/06\/Martina-del-Bianco.jpg\" alt=\"XXX Biennial Meeting on Organic Chemistry Gij\u00f3n\" class=\"wp-image-174\" title=\"XXX Biennial Meeting on Organic Chemistry Gij\u00f3n\"><\/figure>\n\n\n\n<h3 class=\"wp-block-heading persona__nombre\">Martina Delbianco<\/h3>\n\n\n\n<p class=\"persona__cargo\"><em><em>Max Planck Potsdam<\/em><\/em><\/p>\n<\/div>\n\n\n\n<div class=\"wp-block-group persona is-vertical is-layout-flex wp-container-core-group-is-layout-fe9cc265 wp-block-group-is-layout-flex\">\n<figure class=\"wp-block-image size-full persona__foto\"><img loading=\"lazy\" decoding=\"async\" width=\"210\" height=\"280\" src=\"https:\/\/www.giqor2026.com\/wp-content\/uploads\/2025\/06\/Araceli-Gonzalez-Campana.jpg\" alt=\"XXX Biennial Meeting on Organic Chemistry Gij\u00f3n\" class=\"wp-image-177\" title=\"XXX Biennial Meeting on Organic Chemistry Gij\u00f3n\"><\/figure>\n\n\n\n<h3 class=\"wp-block-heading persona__nombre\">Araceli G. Campa\u00f1a<\/h3>\n\n\n\n<p class=\"persona__cargo\"><em><em>University of Granada<\/em><\/em><\/p>\n<\/div>\n\n\n\n<div class=\"wp-block-group persona is-vertical is-layout-flex wp-container-core-group-is-layout-fe9cc265 wp-block-group-is-layout-flex\">\n<figure class=\"wp-block-image size-full persona__foto\"><img loading=\"lazy\" decoding=\"async\" width=\"210\" height=\"280\" src=\"https:\/\/www.giqor2026.com\/wp-content\/uploads\/2025\/06\/Silvia-Osuna.jpg\" alt=\"XXX Biennial Meeting on Organic Chemistry Gij\u00f3n\" class=\"wp-image-179\" title=\"XXX Biennial Meeting on Organic Chemistry Gij\u00f3n\"><\/figure>\n\n\n\n<h3 class=\"wp-block-heading persona__nombre\">Silvia Osuna<\/h3>\n\n\n\n<p class=\"persona__cargo\"><em><em>IQCC \u2013 Girona<\/em><\/em><\/p>\n<\/div>\n\n\n\n<div class=\"wp-block-group persona is-vertical is-layout-flex wp-container-core-group-is-layout-fe9cc265 wp-block-group-is-layout-flex\">\n<figure class=\"wp-block-image size-full persona__foto\"><img loading=\"lazy\" decoding=\"async\" width=\"210\" height=\"280\" src=\"https:\/\/www.giqor2026.com\/wp-content\/uploads\/2025\/06\/Marcos-Garcia-Suero.jpg\" alt=\"XXX Biennial Meeting on Organic Chemistry Gij\u00f3n\" class=\"wp-image-181\" title=\"XXX Biennial Meeting on Organic Chemistry Gij\u00f3n\"><\/figure>\n\n\n\n<h3 class=\"wp-block-heading persona__nombre\">Marcos G. Suero<\/h3>\n\n\n\n<p class=\"persona__cargo\"><em><em><em>ICIQ \u2013 Tarragona<\/em><\/em><\/em><\/p>\n<\/div>\n\n\n\n<div class=\"wp-block-group persona is-vertical is-layout-flex wp-container-core-group-is-layout-fe9cc265 wp-block-group-is-layout-flex\">\n<figure class=\"wp-block-image size-full persona__foto\"><img loading=\"lazy\" decoding=\"async\" width=\"210\" height=\"280\" src=\"https:\/\/www.giqor2026.com\/wp-content\/uploads\/2025\/06\/Ana-Gimeno.jpg\" alt=\"XXX Biennial Meeting on Organic Chemistry Gij\u00f3n\" class=\"wp-image-183\" title=\"XXX Biennial Meeting on Organic Chemistry Gij\u00f3n\"><\/figure>\n\n\n\n<h3 class=\"wp-block-heading persona__nombre\">Ana Gimeno<\/h3>\n\n\n\n<p class=\"persona__cargo\"><em><em><em>CIC bioGUNE \u2013 Bilbao<\/em><\/em><\/em><\/p>\n<\/div>\n\n\n\n<div class=\"wp-block-group persona is-vertical is-layout-flex wp-container-core-group-is-layout-fe9cc265 wp-block-group-is-layout-flex\">\n<figure class=\"wp-block-image size-full persona__foto\"><img loading=\"lazy\" decoding=\"async\" width=\"210\" height=\"280\" src=\"https:\/\/www.giqor2026.com\/wp-content\/uploads\/2025\/06\/Marc-Vendrell.jpg\" alt=\"XXX Biennial Meeting on Organic Chemistry Gij\u00f3n\" class=\"wp-image-185\" title=\"XXX Biennial Meeting on Organic Chemistry Gij\u00f3n\"><\/figure>\n\n\n\n<h3 class=\"wp-block-heading persona__nombre\">Marc Vendrell<\/h3>\n\n\n\n<p class=\"persona__cargo\"><em><em><em>University of Edinburgh<\/em><\/em><\/em><\/p>\n<\/div>\n\n\n\n<div class=\"wp-block-group persona is-vertical is-layout-flex wp-container-core-group-is-layout-fe9cc265 wp-block-group-is-layout-flex\">\n<figure class=\"wp-block-image size-full persona__foto\"><img loading=\"lazy\" decoding=\"async\" width=\"210\" height=\"280\" src=\"https:\/\/www.giqor2026.com\/wp-content\/uploads\/2025\/06\/Maria-angeles-ibanez-tati.jpg\" alt=\"XXX Biennial Meeting on Organic Chemistry Gij\u00f3n\" class=\"wp-image-187\" title=\"XXX Biennial Meeting on Organic Chemistry Gij\u00f3n\"><\/figure>\n\n\n\n<h3 class=\"wp-block-heading persona__nombre\">Mar\u00eda \u00c1ngeles Ib\u00e1\u00f1ez (Tati)<\/h3>\n\n\n\n<p class=\"persona__cargo\"><em><em><em>University of Amsterdam<\/em><\/em><\/em><\/p>\n<\/div>\n\n\n\n<div class=\"wp-block-group persona is-vertical is-layout-flex wp-container-core-group-is-layout-fe9cc265 wp-block-group-is-layout-flex\">\n<figure class=\"wp-block-image size-full persona__foto\"><img loading=\"lazy\" decoding=\"async\" width=\"210\" height=\"280\" src=\"https:\/\/www.giqor2026.com\/wp-content\/uploads\/2025\/06\/Daniel-Maspoch.jpg\" alt=\"XXX Biennial Meeting on Organic Chemistry Gij\u00f3n\" class=\"wp-image-189\" title=\"XXX Biennial Meeting on Organic Chemistry Gij\u00f3n\"><\/figure>\n\n\n\n<h3 class=\"wp-block-heading persona__nombre\">Daniel Maspoch<\/h3>\n\n\n\n<p class=\"persona__cargo\"><em><em><em>ICN2 Barcelona<\/em><\/em><\/em><\/p>\n<\/div>\n\n\n\n<div class=\"wp-block-group persona is-vertical is-layout-flex wp-container-core-group-is-layout-fe9cc265 wp-block-group-is-layout-flex\">\n<figure class=\"wp-block-image size-full persona__foto\"><img loading=\"lazy\" decoding=\"async\" width=\"210\" height=\"280\" src=\"https:\/\/www.giqor2026.com\/wp-content\/uploads\/2025\/06\/Emilio-Perez.jpg\" alt=\"XXX Biennial Meeting on Organic Chemistry Gij\u00f3n\" class=\"wp-image-191\" title=\"XXX Biennial Meeting on Organic Chemistry Gij\u00f3n\"><\/figure>\n\n\n\n<h3 class=\"wp-block-heading persona__nombre\">Emilio P\u00e9rez<\/h3>\n\n\n\n<p class=\"persona__cargo\"><em><em><em>IMDEA Madrid<\/em><\/em><\/em><\/p>\n<\/div>\n<\/div><\/div><div class=\"glide__arrows\" data-glide-el=\"controls\"><button class=\"glide__arrow glide__arrow--left\" data-glide-dir=\"<\"><span class=\"screen-reader-text\">Anterior<\/span><div><svg xmlns=\"http:\/\/www.w3.org\/2000\/svg\" width=\"32\" height=\"32\" viewBox=\"0 0 24 24\" fill=\"none\" stroke=\"currentColor\" stroke-width=\"2\" stroke-linecap=\"round\" stroke-linejoin=\"round\"><circle cx=\"12\" cy=\"12\" r=\"10\"\/><path d=\"M12 8l-4 4 4 4M16 12H9\"\/><\/svg><\/div><\/button><button class=\"glide__arrow glide__arrow--right\" data-glide-dir=\"&gt;\"><span class=\"screen-reader-text\">Siguiente<\/span><div><svg xmlns=\"http:\/\/www.w3.org\/2000\/svg\" width=\"32\" height=\"32\" viewBox=\"0 0 24 24\" fill=\"none\" stroke=\"currentColor\" stroke-width=\"2\" stroke-linecap=\"round\" stroke-linejoin=\"round\"><circle cx=\"12\" cy=\"12\" r=\"10\"\/><path d=\"M12 8l4 4-4 4M8 12h7\"\/><\/svg><\/div><\/button><\/div><\/div>\n<\/section>\n\n\n\n<div id=\"portada__patrocinadores\" class=\"wp-block-group portada__patrocinadores has-global-padding is-layout-constrained wp-container-core-group-is-layout-eeb9304e wp-block-group-is-layout-constrained\" style=\"margin-top:var(--wp--preset--spacing--60);margin-bottom:var(--wp--preset--spacing--60)\">\n<div class=\"wp-block-group has-global-padding is-content-justification-center is-layout-constrained wp-container-core-group-is-layout-b593cce7 wp-block-group-is-layout-constrained\">\n<h2 class=\"wp-block-heading has-text-align-center has-primary-color has-text-color has-link-color has-x-large-font-size wp-elements-5b0b4b9db201274afbbc7236e670d7ec\" style=\"font-style:normal;font-weight:700\">Sponsors<\/h2>\n<\/div>\n\n\n\n<div data-slider-type=\"carousel\" data-per-view=\"5\" data-focus-at=\"center\" data-gap=\"80\" data-autoplay=\"1\" data-hoverpause=\"false\" data-animation-duration=\"3000\" data-animation-timing-func=\"linear\" data-peek-before=\"0\" data-peek-after=\"0\" data-breakpoints=\"{&quot;600&quot;:{&quot;perView&quot;:&quot;3&quot;,&quot;gap&quot;:&quot;40&quot;,&quot;peek&quot;:{&quot;before&quot;:&quot;0&quot;,&quot;after&quot;:&quot;0&quot;},&quot;animationDuration&quot;:&quot;2000&quot;},&quot;1024&quot;:{&quot;perView&quot;:&quot;4&quot;,&quot;gap&quot;:&quot;50&quot;,&quot;peek&quot;:{&quot;before&quot;:&quot;0&quot;,&quot;after&quot;:&quot;0&quot;},&quot;animationDuration&quot;:&quot;3000&quot;}}\" class=\"wp-block-sci-blocks-sci-slider sci-blocks-slider glide\"><div class=\"glide__track\" data-glide-el=\"track\"><div class=\"glide__slides is-layout-flow wp-block-sci-blocks-sci-slider-is-layout-flow\">\n<figure class=\"wp-block-image size-full\"><img decoding=\"async\" src=\"https:\/\/www.giqor2026.com\/wp-content\/uploads\/2025\/06\/Logos-RSEQ-2.jpg\" alt=\"Real Sociedad Espa\u00f1ola de Qu\u00edmica - Grupo especializado de Qu\u00edmica Org\u00e1nica\" class=\"wp-image-563\" title=\"XXX Biennial Meeting on Organic Chemistry Gij\u00f3n\"><\/figure>\n\n\n\n<figure class=\"wp-block-image size-full\"><img decoding=\"async\" src=\"https:\/\/www.giqor2026.com\/wp-content\/uploads\/2025\/06\/Real-Sociedad-Espanola-de-Quimica-1.jpg\" alt=\"Real Sociedad Espa\u00f1ola de Qu\u00edmica\" class=\"wp-image-564\" title=\"XXX Biennial Meeting on Organic Chemistry Gij\u00f3n\"><\/figure>\n\n\n\n<figure class=\"wp-block-image size-full\"><img decoding=\"async\" src=\"https:\/\/www.giqor2026.com\/wp-content\/uploads\/2025\/06\/University_of_Oviedo-2.png\" alt=\"Universidad de Oviedo\" class=\"wp-image-448\" title=\"XXX Biennial Meeting on Organic Chemistry Gij\u00f3n\"><\/figure>\n\n\n\n<figure class=\"wp-block-image size-full\"><img decoding=\"async\" src=\"https:\/\/www.giqor2026.com\/wp-content\/uploads\/2025\/06\/Fundacion-Universidad-de-Oviedo.png\" alt=\"Fundaci\u00f3n Universidad de Oviedo\" class=\"wp-image-565\" title=\"XXX Biennial Meeting on Organic Chemistry Gij\u00f3n\"><\/figure>\n\n\n\n<figure class=\"wp-block-image size-full\"><img decoding=\"async\" src=\"https:\/\/www.giqor2026.com\/wp-content\/uploads\/2025\/06\/ayuntamiento-de-gijon.png\" alt=\"Ayuntamiento de Gij\u00f3n\" class=\"wp-image-566\" title=\"XXX Biennial Meeting on Organic Chemistry Gij\u00f3n\"><\/figure>\n<\/div><\/div><\/div>\n<\/div>\n","protected":false},"excerpt":{"rendered":"<p>On behalf of the Organizing Committee and the Specialized Group on Organic Chemistry of the Royal Spanish Society of Chemistry (GEQOR-RSEQ), we are delighted to invite you to participate in the XXX Biennial Meeting of GEQOR, which will be held in Gij\u00f3n (Asturias) between June 17 and 19, 2026. Our goal is to bring together [&hellip;]<\/p>\n","protected":false},"author":1,"featured_media":0,"parent":0,"menu_order":0,"comment_status":"closed","ping_status":"closed","template":"page-no-title","meta":{"footnotes":""},"class_list":["post-391","page","type-page","status-publish","hentry"],"_links":{"self":[{"href":"https:\/\/www.giqor2026.com\/en\/wp-json\/wp\/v2\/pages\/391","targetHints":{"allow":["GET"]}}],"collection":[{"href":"https:\/\/www.giqor2026.com\/en\/wp-json\/wp\/v2\/pages"}],"about":[{"href":"https:\/\/www.giqor2026.com\/en\/wp-json\/wp\/v2\/types\/page"}],"author":[{"embeddable":true,"href":"https:\/\/www.giqor2026.com\/en\/wp-json\/wp\/v2\/users\/1"}],"replies":[{"embeddable":true,"href":"https:\/\/www.giqor2026.com\/en\/wp-json\/wp\/v2\/comments?post=391"}],"version-history":[{"count":15,"href":"https:\/\/www.giqor2026.com\/en\/wp-json\/wp\/v2\/pages\/391\/revisions"}],"predecessor-version":[{"id":659,"href":"https:\/\/www.giqor2026.com\/en\/wp-json\/wp\/v2\/pages\/391\/revisions\/659"}],"wp:attachment":[{"href":"https:\/\/www.giqor2026.com\/en\/wp-json\/wp\/v2\/media?parent=391"}],"curies":[{"name":"wp","href":"https:\/\/api.w.org\/{rel}","templated":true}]}}