{"id":435,"date":"2025-06-19T10:48:53","date_gmt":"2025-06-19T08:48:53","guid":{"rendered":"https:\/\/www.giqor2026.com\/invited-speakers\/"},"modified":"2026-02-05T10:03:52","modified_gmt":"2026-02-05T09:03:52","slug":"invited-speakers","status":"publish","type":"page","link":"https:\/\/www.giqor2026.com\/en\/invited-speakers\/","title":{"rendered":"Invited Speakers"},"content":{"rendered":"\n<div class=\"wp-block-group cuadricula__personas is-layout-grid wp-container-core-group-is-layout-b757edec wp-block-group-is-layout-grid\">\n<div class=\"wp-block-group is-nowrap is-layout-flex wp-container-core-group-is-layout-fc054d2d wp-block-group-is-layout-flex\">\n<figure class=\"wp-block-image size-full is-resized is-style-rounded is-style-rounded--1\"><a href=\"https:\/\/fananasmastralgroup.com\/\" target=\"_blank\" rel=\" noreferrer noopener\"><img loading=\"lazy\" decoding=\"async\" width=\"210\" height=\"280\" src=\"https:\/\/www.giqor2026.com\/wp-content\/uploads\/2025\/06\/Martin-Fananas.jpg\" alt=\"XXX Biennial Meeting on Organic Chemistry Gij\u00f3n\" class=\"wp-image-173\" style=\"object-fit:cover;width:210px;height:auto\" title=\"XXX Biennial Meeting on Organic Chemistry Gij\u00f3n\"><\/a><\/figure>\n\n\n\n<div class=\"wp-block-columns is-layout-flex wp-container-core-columns-is-layout-28f84493 wp-block-columns-is-layout-flex\">\n<div class=\"wp-block-column is-layout-flow wp-block-column-is-layout-flow\">\n<h2 class=\"wp-block-heading has-large-font-size\" style=\"font-style:normal;font-weight:600\">Mart\u00edn Fa\u00f1anas-Mastral<\/h2>\n\n\n\n<p><em>CIQUS \u2013 Santiago<\/em><\/p>\n<\/div>\n<\/div>\n<\/div>\n\n\n\n<div class=\"wp-block-group is-nowrap is-layout-flex wp-container-core-group-is-layout-fc054d2d wp-block-group-is-layout-flex\">\n<figure class=\"wp-block-image size-full is-style-rounded is-style-rounded--2\"><a href=\"https:\/\/www.mpikg.mpg.de\/carbohydrate-materials\" target=\"_blank\" rel=\" noreferrer noopener\"><img loading=\"lazy\" decoding=\"async\" width=\"210\" height=\"280\" src=\"https:\/\/www.giqor2026.com\/wp-content\/uploads\/2025\/06\/Martina-del-Bianco.jpg\" alt=\"XXX Biennial Meeting on Organic Chemistry Gij\u00f3n\" class=\"wp-image-174\" title=\"XXX Biennial Meeting on Organic Chemistry Gij\u00f3n\"><\/a><\/figure>\n\n\n\n<div class=\"wp-block-columns is-layout-flex wp-container-core-columns-is-layout-28f84493 wp-block-columns-is-layout-flex\">\n<div class=\"wp-block-column is-layout-flow wp-block-column-is-layout-flow\">\n<h2 class=\"wp-block-heading has-large-font-size\" style=\"font-style:normal;font-weight:600\">Martina Delbianco<\/h2>\n\n\n\n<p><em>Max Planck Potsdam<\/em><\/p>\n<\/div>\n<\/div>\n<\/div>\n\n\n\n<div class=\"wp-block-group is-nowrap is-layout-flex wp-container-core-group-is-layout-fc054d2d wp-block-group-is-layout-flex\">\n<figure class=\"wp-block-image size-full is-style-rounded is-style-rounded--3\"><a href=\"https:\/\/nanographout.ugr.es\/\" target=\"_blank\" rel=\" noreferrer noopener\"><img loading=\"lazy\" decoding=\"async\" width=\"210\" height=\"280\" src=\"https:\/\/www.giqor2026.com\/wp-content\/uploads\/2025\/06\/Araceli-Gonzalez-Campana.jpg\" alt=\"XXX Biennial Meeting on Organic Chemistry Gij\u00f3n\" class=\"wp-image-177\" title=\"XXX Biennial Meeting on Organic Chemistry Gij\u00f3n\"><\/a><\/figure>\n\n\n\n<div class=\"wp-block-columns is-layout-flex wp-container-core-columns-is-layout-28f84493 wp-block-columns-is-layout-flex\">\n<div class=\"wp-block-column is-layout-flow wp-block-column-is-layout-flow\">\n<h2 class=\"wp-block-heading has-large-font-size\" style=\"font-style:normal;font-weight:600\">Araceli G. Campa\u00f1a<\/h2>\n\n\n\n<p><em>University of Granada<\/em><\/p>\n<\/div>\n<\/div>\n<\/div>\n\n\n\n<div class=\"wp-block-group is-nowrap is-layout-flex wp-container-core-group-is-layout-fc054d2d wp-block-group-is-layout-flex\">\n<figure class=\"wp-block-image size-full is-style-rounded is-style-rounded--4\"><a href=\"https:\/\/silviaosuna.wordpress.com\/\" target=\"_blank\" rel=\" noreferrer noopener\"><img loading=\"lazy\" decoding=\"async\" width=\"210\" height=\"280\" src=\"https:\/\/www.giqor2026.com\/wp-content\/uploads\/2025\/06\/Silvia-Osuna.jpg\" alt=\"XXX Biennial Meeting on Organic Chemistry Gij\u00f3n\" class=\"wp-image-179\" title=\"XXX Biennial Meeting on Organic Chemistry Gij\u00f3n\"><\/a><\/figure>\n\n\n\n<div class=\"wp-block-columns is-layout-flex wp-container-core-columns-is-layout-28f84493 wp-block-columns-is-layout-flex\">\n<div class=\"wp-block-column is-layout-flow wp-block-column-is-layout-flow\">\n<h2 class=\"wp-block-heading has-large-font-size\" style=\"font-style:normal;font-weight:600\">Silvia Osuna<\/h2>\n\n\n\n<p><em>IQCC &#8211; Girona<\/em><\/p>\n<\/div>\n<\/div>\n<\/div>\n\n\n\n<div class=\"wp-block-group is-nowrap is-layout-flex wp-container-core-group-is-layout-fc054d2d wp-block-group-is-layout-flex\">\n<figure class=\"wp-block-image size-full is-style-rounded is-style-rounded--5\"><a href=\"https:\/\/iciq.org\/research-group\/prof-marcos-g-suero\/overview\/\" target=\"_blank\" rel=\" noreferrer noopener\"><img loading=\"lazy\" decoding=\"async\" width=\"210\" height=\"280\" src=\"https:\/\/www.giqor2026.com\/wp-content\/uploads\/2025\/06\/Marcos-Garcia-Suero.jpg\" alt=\"XXX Biennial Meeting on Organic Chemistry Gij\u00f3n\" class=\"wp-image-181\" title=\"XXX Biennial Meeting on Organic Chemistry Gij\u00f3n\"><\/a><\/figure>\n\n\n\n<div class=\"wp-block-columns is-layout-flex wp-container-core-columns-is-layout-28f84493 wp-block-columns-is-layout-flex\">\n<div class=\"wp-block-column is-layout-flow wp-block-column-is-layout-flow\">\n<h2 class=\"wp-block-heading has-large-font-size\" style=\"font-style:normal;font-weight:600\">Marcos G. Suero<\/h2>\n\n\n\n<p><em>ICIQ &#8211; Tarragona<\/em><\/p>\n<\/div>\n<\/div>\n<\/div>\n\n\n\n<div class=\"wp-block-group is-nowrap is-layout-flex wp-container-core-group-is-layout-fc054d2d wp-block-group-is-layout-flex\">\n<figure class=\"wp-block-image size-full is-style-rounded is-style-rounded--6\"><a href=\"https:\/\/www.cicbiogune.es\/people\/agimeno\" target=\"_blank\" rel=\" noreferrer noopener\"><img loading=\"lazy\" decoding=\"async\" width=\"210\" height=\"280\" src=\"https:\/\/www.giqor2026.com\/wp-content\/uploads\/2025\/06\/Ana-Gimeno.jpg\" alt=\"XXX Biennial Meeting on Organic Chemistry Gij\u00f3n\" class=\"wp-image-183\" title=\"XXX Biennial Meeting on Organic Chemistry Gij\u00f3n\"><\/a><\/figure>\n\n\n\n<div class=\"wp-block-columns is-layout-flex wp-container-core-columns-is-layout-28f84493 wp-block-columns-is-layout-flex\">\n<div class=\"wp-block-column is-layout-flow wp-block-column-is-layout-flow\">\n<h2 class=\"wp-block-heading has-large-font-size\" style=\"font-style:normal;font-weight:600\">Ana Gimeno<\/h2>\n\n\n\n<p><em>CIC bioGUNE \u2013 Bilbao<\/em><\/p>\n<\/div>\n<\/div>\n<\/div>\n\n\n\n<div class=\"wp-block-group is-nowrap is-layout-flex wp-container-core-group-is-layout-fc054d2d wp-block-group-is-layout-flex\">\n<figure class=\"wp-block-image size-full is-style-rounded is-style-rounded--7\"><a href=\"https:\/\/www.dynafluors.co.uk\/\" target=\"_blank\" rel=\" noreferrer noopener\"><img loading=\"lazy\" decoding=\"async\" width=\"210\" height=\"280\" src=\"https:\/\/www.giqor2026.com\/wp-content\/uploads\/2025\/06\/Marc-Vendrell.jpg\" alt=\"XXX Biennial Meeting on Organic Chemistry Gij\u00f3n\" class=\"wp-image-185\" title=\"XXX Biennial Meeting on Organic Chemistry Gij\u00f3n\"><\/a><\/figure>\n\n\n\n<div class=\"wp-block-columns is-layout-flex wp-container-core-columns-is-layout-28f84493 wp-block-columns-is-layout-flex\">\n<div class=\"wp-block-column is-layout-flow wp-block-column-is-layout-flow\">\n<h2 class=\"wp-block-heading has-large-font-size\" style=\"font-style:normal;font-weight:600\">Marc Vendrell<\/h2>\n\n\n\n<p><em>University of Edinburgh<\/em><\/p>\n<\/div>\n<\/div>\n<\/div>\n\n\n\n<div class=\"wp-block-group is-nowrap is-layout-flex wp-container-core-group-is-layout-fc054d2d wp-block-group-is-layout-flex\">\n<figure class=\"wp-block-image size-full is-style-rounded is-style-rounded--8\"><a href=\"https:\/\/www.uva.nl\/en\/profile\/f\/e\/m.a.fernandezibanez\/m.a.fernandez-ibanez.html?cb\" target=\"_blank\" rel=\" noreferrer noopener\"><img loading=\"lazy\" decoding=\"async\" width=\"210\" height=\"280\" src=\"https:\/\/www.giqor2026.com\/wp-content\/uploads\/2025\/06\/Maria-angeles-ibanez-tati.jpg\" alt=\"XXX Biennial Meeting on Organic Chemistry Gij\u00f3n\" class=\"wp-image-187\" title=\"XXX Biennial Meeting on Organic Chemistry Gij\u00f3n\"><\/a><\/figure>\n\n\n\n<div class=\"wp-block-columns is-layout-flex wp-container-core-columns-is-layout-28f84493 wp-block-columns-is-layout-flex\">\n<div class=\"wp-block-column is-layout-flow wp-block-column-is-layout-flow\">\n<h2 class=\"wp-block-heading has-large-font-size\" style=\"font-style:normal;font-weight:600\">M. \u00c1ngeles (Tati) Fern\u00e1ndez-Ib\u00e1\u00f1ez<\/h2>\n\n\n\n<p><em>University of Amsterdam<\/em><\/p>\n<\/div>\n<\/div>\n<\/div>\n\n\n\n<div class=\"wp-block-group is-nowrap is-layout-flex wp-container-core-group-is-layout-fc054d2d wp-block-group-is-layout-flex\">\n<figure class=\"wp-block-image size-full is-style-rounded is-style-rounded--9\"><a href=\"https:\/\/icn2.cat\/en\/supramolecular-nanochemistry-and-materials-group\/daniel-maspoch\" target=\"_blank\" rel=\" noreferrer noopener\"><img loading=\"lazy\" decoding=\"async\" width=\"210\" height=\"280\" src=\"https:\/\/www.giqor2026.com\/wp-content\/uploads\/2025\/06\/Daniel-Maspoch.jpg\" alt=\"XXX Biennial Meeting on Organic Chemistry Gij\u00f3n\" class=\"wp-image-189\" title=\"XXX Biennial Meeting on Organic Chemistry Gij\u00f3n\"><\/a><\/figure>\n\n\n\n<div class=\"wp-block-columns is-layout-flex wp-container-core-columns-is-layout-28f84493 wp-block-columns-is-layout-flex\">\n<div class=\"wp-block-column is-layout-flow wp-block-column-is-layout-flow\">\n<h2 class=\"wp-block-heading has-large-font-size\" style=\"font-style:normal;font-weight:600\">Daniel Maspoch<\/h2>\n\n\n\n<p><em>ICN2 Barcelona<\/em><\/p>\n<\/div>\n<\/div>\n<\/div>\n\n\n\n<div class=\"wp-block-group is-nowrap is-layout-flex wp-container-core-group-is-layout-fc054d2d wp-block-group-is-layout-flex\">\n<figure class=\"wp-block-image size-full is-style-rounded is-style-rounded--10\"><a href=\"https:\/\/www.nanociencia.imdea.org\/home-en\/people\/item\/emilio-perez-alvarez\" target=\"_blank\" rel=\" noreferrer noopener\"><img loading=\"lazy\" decoding=\"async\" width=\"210\" height=\"280\" src=\"https:\/\/www.giqor2026.com\/wp-content\/uploads\/2025\/06\/Emilio-Perez.jpg\" alt=\"XXX Biennial Meeting on Organic Chemistry Gij\u00f3n\" class=\"wp-image-191\" title=\"XXX Biennial Meeting on Organic Chemistry Gij\u00f3n\"><\/a><\/figure>\n\n\n\n<div class=\"wp-block-columns is-layout-flex wp-container-core-columns-is-layout-28f84493 wp-block-columns-is-layout-flex\">\n<div class=\"wp-block-column is-layout-flow wp-block-column-is-layout-flow\">\n<h2 class=\"wp-block-heading has-large-font-size\" style=\"font-style:normal;font-weight:600\">Emilio P\u00e9rez<\/h2>\n\n\n\n<p><em>IMDEA Madrid<\/em><\/p>\n<\/div>\n<\/div>\n<\/div>\n<\/div>\n","protected":false},"excerpt":{"rendered":"<p>Mart\u00edn Fa\u00f1anas-Mastral CIQUS \u2013 Santiago Martina Delbianco Max Planck Potsdam Araceli G. Campa\u00f1a University of Granada Silvia Osuna IQCC &#8211; Girona Marcos G. Suero ICIQ &#8211; Tarragona Ana Gimeno CIC bioGUNE \u2013 Bilbao Marc Vendrell University of Edinburgh M. \u00c1ngeles (Tati) Fern\u00e1ndez-Ib\u00e1\u00f1ez University of Amsterdam Daniel Maspoch ICN2 Barcelona Emilio P\u00e9rez IMDEA Madrid<\/p>\n","protected":false},"author":1,"featured_media":0,"parent":0,"menu_order":0,"comment_status":"closed","ping_status":"closed","template":"","meta":{"footnotes":""},"class_list":["post-435","page","type-page","status-publish","hentry"],"_links":{"self":[{"href":"https:\/\/www.giqor2026.com\/en\/wp-json\/wp\/v2\/pages\/435","targetHints":{"allow":["GET"]}}],"collection":[{"href":"https:\/\/www.giqor2026.com\/en\/wp-json\/wp\/v2\/pages"}],"about":[{"href":"https:\/\/www.giqor2026.com\/en\/wp-json\/wp\/v2\/types\/page"}],"author":[{"embeddable":true,"href":"https:\/\/www.giqor2026.com\/en\/wp-json\/wp\/v2\/users\/1"}],"replies":[{"embeddable":true,"href":"https:\/\/www.giqor2026.com\/en\/wp-json\/wp\/v2\/comments?post=435"}],"version-history":[{"count":6,"href":"https:\/\/www.giqor2026.com\/en\/wp-json\/wp\/v2\/pages\/435\/revisions"}],"predecessor-version":[{"id":663,"href":"https:\/\/www.giqor2026.com\/en\/wp-json\/wp\/v2\/pages\/435\/revisions\/663"}],"wp:attachment":[{"href":"https:\/\/www.giqor2026.com\/en\/wp-json\/wp\/v2\/media?parent=435"}],"curies":[{"name":"wp","href":"https:\/\/api.w.org\/{rel}","templated":true}]}}